{"id":7,"date":"2020-11-09T15:21:46","date_gmt":"2020-11-09T15:21:46","guid":{"rendered":"https:\/\/letsgetlostjanvrin.com\/?page_id=7"},"modified":"2021-03-09T10:19:45","modified_gmt":"2021-03-09T14:19:45","slug":"das-neue-museum-oeffnet-seine-tueren-2","status":"publish","type":"page","link":"https:\/\/letsgetlostjanvrin.com\/","title":{"rendered":"Let&#8217;s. Get. Lost."},"content":{"rendered":"<p>[et_pb_section fb_built=&#8221;1&#8243; _builder_version=&#8221;4.7.0&#8243; _module_preset=&#8221;default&#8221;][et_pb_row _builder_version=&#8221;4.7.0&#8243; _module_preset=&#8221;default&#8221;][et_pb_column type=&#8221;4_4&#8243; _builder_version=&#8221;4.7.0&#8243; _module_preset=&#8221;default&#8221;][et_pb_image src=&#8221;https:\/\/letsgetlostjanvrin.com\/wp-content\/uploads\/2020\/11\/IMG_4827.jpg&#8221; title_text=&#8221;IMG_4827&#8243; _builder_version=&#8221;4.7.0&#8243; _module_preset=&#8221;default&#8221;][\/et_pb_image][\/et_pb_column][\/et_pb_row][et_pb_row _builder_version=&#8221;4.7.4&#8243; _module_preset=&#8221;default&#8221;][et_pb_column _builder_version=&#8221;4.7.4&#8243; _module_preset=&#8221;default&#8221; type=&#8221;4_4&#8243;][et_pb_text _builder_version=&#8221;4.7.4&#8243; _module_preset=&#8221;default&#8221; hover_enabled=&#8221;0&#8243; sticky_enabled=&#8221;0&#8243;]<\/p>\n<p style=\"text-align: center;\">Your content goes here. Edit or remove this text inline or in the module Content settings. You can also style every aspect of this content in the module Design settings and even apply custom CSS to this text in the module Advanced settings.<\/p>\n<p>[\/et_pb_text][\/et_pb_column][\/et_pb_row][\/et_pb_section][et_pb_section fb_built=&#8221;1&#8243; fullwidth=&#8221;on&#8221; _builder_version=&#8221;4.7.0&#8243; _module_preset=&#8221;default&#8221;][et_pb_fullwidth_image src=&#8221;https:\/\/letsgetlostjanvrin.com\/wp-content\/uploads\/2020\/11\/DJI_0982.jpg&#8221; title_text=&#8221;created by dji camera&#8221; _builder_version=&#8221;4.7.0&#8243; _module_preset=&#8221;default&#8221;][\/et_pb_fullwidth_image][\/et_pb_section][et_pb_section fb_built=&#8221;1&#8243; _builder_version=&#8221;4.7.0&#8243; _module_preset=&#8221;default&#8221;][\/et_pb_section]<\/p>\n","protected":false},"excerpt":{"rendered":"<p>Your content goes here. Edit or remove this text inline or in the module Content settings. You can also style every aspect of this content in the module Design settings and even apply custom CSS to this text in the module Advanced settings.<\/p>\n","protected":false},"author":1,"featured_media":0,"parent":0,"menu_order":0,"comment_status":"closed","ping_status":"closed","template":"","meta":{"_et_pb_use_builder":"on","_et_pb_old_content":"<!-- wp:group {\"align\":\"wide\"} -->\n<div class=\"wp-block-group alignwide\"><div class=\"wp-block-group__inner-container\"><!-- wp:paragraph {\"align\":\"center\"} -->\n<p class=\"has-text-align-center\">This is a test!<\/p>\n<!-- \/wp:paragraph --><\/div><\/div>\n<!-- \/wp:group -->\n\n<!-- wp:columns {\"align\":\"wide\"} -->\n<div class=\"wp-block-columns alignwide\"><!-- wp:column -->\n<div class=\"wp-block-column\"><!-- wp:group -->\n<div class=\"wp-block-group\"><div class=\"wp-block-group__inner-container\"><!-- wp:image {\"align\":\"full\",\"id\":37,\"sizeSlug\":\"full\"} -->\n<figure class=\"wp-block-image alignfull size-full\"><img src=\"https:\/\/letsgetlostjanvrin.com\/wp-content\/themes\/twentytwenty\/assets\/images\/2020-three-quarters-1.png\" alt=\"\" class=\"wp-image-37\"\/><\/figure>\n<!-- \/wp:image -->\n\n<!-- wp:heading {\"level\":3} -->\n<h3>Werke und Tage<\/h3>\n<!-- \/wp:heading -->\n\n<!-- wp:paragraph -->\n<p>1. August \u2013 1. Dezember<\/p>\n<!-- \/wp:paragraph -->\n\n<!-- wp:button {\"className\":\"is-style-outline\"} -->\n<div class=\"wp-block-button is-style-outline\"><a class=\"wp-block-button__link\" href=\"https:\/\/make.wordpress.org\/core\/2019\/09\/27\/block-editor-theme-related-updates-in-wordpress-5-3\/\">Weiterlesen<\/a><\/div>\n<!-- \/wp:button -->\n\n<!-- wp:paragraph -->\n<p>There is only a limited time left for you to take advantage of this!<\/p>\n<!-- \/wp:paragraph --><\/div><\/div>\n<!-- \/wp:group -->\n\n<!-- wp:image {\"id\":31,\"sizeSlug\":\"large\"} -->\n<figure class=\"wp-block-image size-large\"><img src=\"https:\/\/letsgetlostjanvrin.com\/wp-content\/uploads\/2020\/11\/Allga\u0308uLife-32-768x1024.jpg\" alt=\"\" class=\"wp-image-31\"\/><\/figure>\n<!-- \/wp:image -->\n\n<!-- wp:group -->\n<div class=\"wp-block-group\"><div class=\"wp-block-group__inner-container\"><!-- wp:image {\"align\":\"full\",\"id\":37,\"sizeSlug\":\"full\"} -->\n<figure class=\"wp-block-image alignfull size-full\"><img src=\"https:\/\/letsgetlostjanvrin.com\/wp-content\/themes\/twentytwenty\/assets\/images\/2020-three-quarters-3.png\" alt=\"\" class=\"wp-image-37\"\/><\/figure>\n<!-- \/wp:image -->\n\n<!-- wp:heading {\"level\":3} -->\n<h3>Kreative Schaupl\u00e4tze<\/h3>\n<!-- \/wp:heading -->\n\n<!-- wp:paragraph -->\n<p>1. Oktober \u2013 1. Dezember<\/p>\n<!-- \/wp:paragraph -->\n\n<!-- wp:button {\"className\":\"is-style-outline\"} -->\n<div class=\"wp-block-button is-style-outline\"><a class=\"wp-block-button__link\" href=\"https:\/\/make.wordpress.org\/core\/2019\/09\/27\/block-editor-theme-related-updates-in-wordpress-5-3\/\">Weiterlesen<\/a><\/div>\n<!-- \/wp:button --><\/div><\/div>\n<!-- \/wp:group --><\/div>\n<!-- \/wp:column -->\n\n<!-- wp:column -->\n<div class=\"wp-block-column\"><!-- wp:image {\"id\":31,\"sizeSlug\":\"large\"} -->\n<figure class=\"wp-block-image size-large\"><img src=\"https:\/\/letsgetlostjanvrin.com\/wp-content\/uploads\/2020\/11\/Allga\u0308uLife-32-768x1024.jpg\" alt=\"\" class=\"wp-image-31\"\/><\/figure>\n<!-- \/wp:image -->\n\n<!-- wp:image {\"id\":31,\"sizeSlug\":\"large\"} -->\n<figure class=\"wp-block-image size-large\"><img src=\"https:\/\/letsgetlostjanvrin.com\/wp-content\/uploads\/2020\/11\/Allga\u0308uLife-32-768x1024.jpg\" alt=\"\" class=\"wp-image-31\"\/><\/figure>\n<!-- \/wp:image --><\/div>\n<!-- \/wp:column --><\/div>\n<!-- \/wp:columns -->\n\n<!-- wp:image {\"align\":\"full\",\"id\":37,\"sizeSlug\":\"full\"} -->\n<figure class=\"wp-block-image alignfull size-full\"><img src=\"https:\/\/letsgetlostjanvrin.com\/wp-content\/themes\/twentytwenty\/assets\/images\/2020-landscape-2.png\" alt=\"\" class=\"wp-image-37\"\/><\/figure>\n<!-- \/wp:image -->\n\n<!-- wp:group {\"align\":\"wide\"} -->\n<div class=\"wp-block-group alignwide\"><div class=\"wp-block-group__inner-container\"><!-- wp:heading {\"align\":\"center\",\"textColor\":\"accent\"} -->\n<h2 class=\"has-text-align-center has-accent-color has-text-color\">\u201eCyborgs, wie die Philosophin Donna Haraway feststellte, sind nicht ehrf\u00fcrchtig. Sie erinnern sich nicht an den Kosmos.\u201c<\/h2>\n<!-- \/wp:heading --><\/div><\/div>\n<!-- \/wp:group -->\n\n<!-- wp:paragraph {\"dropCap\":true} -->\n<p class=\"has-drop-cap\">Auf sieben Etagen beeindruckender Architektur zeigt das neue Museum diverse Ausstellungen internationaler und zeitgen\u00f6ssischer Kunst, teilweise im Rahmen kunsthistorischer Retrospektiven. Existenzielle, politische und philosophische Fragen sind Bestandteil unseres Programms. Unsere Besucher sind herzlich eingeladen zu F\u00fchrungen, K\u00fcnstlergespr\u00e4chen, Vortr\u00e4gen, Filmvorf\u00fchrungen und anderen Veranstaltungen mit teils freiem Eintritt.<\/p>\n<!-- \/wp:paragraph -->\n\n<!-- wp:paragraph -->\n<p>Die Ausstellungen werden vom \u201eMuseum der Zukunft\u201c in Zusammenarbeit mit K\u00fcnstlern und Museen auf der ganzen Welt produziert und finden oft internationale Anerkennung. Das Museum wurde vom Europ\u00e4ischen Museum des Jahres mit einer besonderen Auszeichnung gew\u00fcrdigt und geh\u00f6rte zu den Spitzenkandidaten f\u00fcr den schwedischen Museum of the Year Award, sowie f\u00fcr den Museumspreis des Europarates.<\/p>\n<!-- \/wp:paragraph -->\n\n<!-- wp:paragraph -->\n<p><\/p>\n<!-- \/wp:paragraph -->\n\n<!-- wp:group {\"align\":\"wide\",\"style\":{\"color\":{\"background\":\"#ffffff\"}}} -->\n<div class=\"wp-block-group alignwide has-background\" style=\"background-color:#ffffff\"><div class=\"wp-block-group__inner-container\"><!-- wp:group -->\n<div class=\"wp-block-group\"><div class=\"wp-block-group__inner-container\"><!-- wp:heading {\"align\":\"center\"} -->\n<h2 class=\"has-text-align-center\">Werde Mitglied und erhalte exklusive Angebote!<\/h2>\n<!-- \/wp:heading -->\n\n<!-- wp:paragraph {\"align\":\"center\"} -->\n<p class=\"has-text-align-center\">Alle Mitglieder erhalten Zugang zu exklusiven Ausstellungen und Angeboten. Die Mitgliedschaft kostet 99.99&nbsp;\u20ac und wird j\u00e4hrlich abgerechnet.<\/p>\n<!-- \/wp:paragraph -->\n\n<!-- wp:button {\"align\":\"center\"} -->\n<div class=\"wp-block-button aligncenter\"><a class=\"wp-block-button__link\" href=\"https:\/\/make.wordpress.org\/core\/2019\/09\/27\/block-editor-theme-related-updates-in-wordpress-5-3\/\">Mitglied werden<\/a><\/div>\n<!-- \/wp:button --><\/div><\/div>\n<!-- \/wp:group --><\/div><\/div>\n<!-- \/wp:group -->\n\n<!-- wp:gallery {\"ids\":[39,38],\"align\":\"wide\"} -->\n<figure class=\"wp-block-gallery alignwide columns-2 is-cropped\"><ul class=\"blocks-gallery-grid\"><li class=\"blocks-gallery-item\"><figure><img src=\"https:\/\/letsgetlostjanvrin.com\/wp-content\/themes\/twentytwenty\/assets\/images\/2020-square-2.png\" alt=\"\" data-id=\"39\" data-full-url=\"https:\/\/letsgetlostjanvrin.com\/wp-content\/themes\/twentytwenty\/assets\/images\/2020-square-2.png\" data-link=\"assets\/images\/2020-square-2\/\" class=\"wp-image-39\"\/><\/figure><\/li><li class=\"blocks-gallery-item\"><figure><img src=\"https:\/\/letsgetlostjanvrin.com\/wp-content\/themes\/twentytwenty\/assets\/images\/2020-square-1.png\" alt=\"\" data-id=\"38\" data-full-url=\"https:\/\/letsgetlostjanvrin.com\/wp-content\/themes\/twentytwenty\/assets\/images\/2020-square-1.png\" data-link=\"https:\/\/letsgetlostjanvrin.com\/wp-content\/themes\/twentytwenty\/assets\/images\/2020-square-1\/\" class=\"wp-image-38\"\/><\/figure><\/li><\/ul><\/figure>\n<!-- \/wp:gallery -->\n\n<!-- wp:buttons -->\n<div class=\"wp-block-buttons\"><!-- wp:button -->\n<div class=\"wp-block-button\"><a class=\"wp-block-button__link\">More<\/a><\/div>\n<!-- \/wp:button -->\n\n<!-- wp:button -->\n<div class=\"wp-block-button\"><a class=\"wp-block-button__link\">Less<\/a><\/div>\n<!-- \/wp:button --><\/div>\n<!-- \/wp:buttons -->","_et_gb_content_width":"","footnotes":""},"class_list":["post-7","page","type-page","status-publish","hentry"],"yoast_head":"<!-- This site is optimized with the Yoast SEO plugin v23.0 - https:\/\/yoast.com\/wordpress\/plugins\/seo\/ -->\n<title>Let&#039;s. Get. Lost. - Let&#039;s. Get. Lost.<\/title>\n<meta name=\"robots\" content=\"noindex, follow, max-snippet:-1, max-image-preview:large, max-video-preview:-1\" \/>\n<meta property=\"og:locale\" content=\"en_US\" \/>\n<meta property=\"og:type\" content=\"article\" \/>\n<meta property=\"og:title\" content=\"Let&#039;s. Get. Lost. - Let&#039;s. Get. Lost.\" \/>\n<meta property=\"og:description\" content=\"Your content goes here. Edit or remove this text inline or in the module Content settings. You can also style every aspect of this content in the module Design settings and even apply custom CSS to this text in the module Advanced settings.\" \/>\n<meta property=\"og:url\" content=\"https:\/\/letsgetlostjanvrin.com\/\" \/>\n<meta property=\"og:site_name\" content=\"Let&#039;s. Get. Lost.\" \/>\n<meta property=\"article:modified_time\" content=\"2021-03-09T14:19:45+00:00\" \/>\n<meta name=\"twitter:card\" content=\"summary_large_image\" \/>\n<meta name=\"twitter:label1\" content=\"Est. reading time\" \/>\n\t<meta name=\"twitter:data1\" content=\"1 minute\" \/>\n<script type=\"application\/ld+json\" class=\"yoast-schema-graph\">{\"@context\":\"https:\/\/schema.org\",\"@graph\":[{\"@type\":\"WebPage\",\"@id\":\"https:\/\/letsgetlostjanvrin.com\/\",\"url\":\"https:\/\/letsgetlostjanvrin.com\/\",\"name\":\"Let's. Get. Lost. - Let&#039;s. Get. Lost.\",\"isPartOf\":{\"@id\":\"https:\/\/letsgetlostjanvrin.com\/#website\"},\"datePublished\":\"2020-11-09T15:21:46+00:00\",\"dateModified\":\"2021-03-09T14:19:45+00:00\",\"breadcrumb\":{\"@id\":\"https:\/\/letsgetlostjanvrin.com\/#breadcrumb\"},\"inLanguage\":\"en-US\",\"potentialAction\":[{\"@type\":\"ReadAction\",\"target\":[\"https:\/\/letsgetlostjanvrin.com\/\"]}]},{\"@type\":\"BreadcrumbList\",\"@id\":\"https:\/\/letsgetlostjanvrin.com\/#breadcrumb\",\"itemListElement\":[{\"@type\":\"ListItem\",\"position\":1,\"name\":\"Home\",\"item\":\"https:\/\/letsgetlostjanvrin.com\/\"},{\"@type\":\"ListItem\",\"position\":2,\"name\":\"Let&#8217;s. Get. Lost.\"}]},{\"@type\":\"WebSite\",\"@id\":\"https:\/\/letsgetlostjanvrin.com\/#website\",\"url\":\"https:\/\/letsgetlostjanvrin.com\/\",\"name\":\"Let&#039;s. Get. Lost.\",\"description\":\"Janvrin&#039;s Island\",\"potentialAction\":[{\"@type\":\"SearchAction\",\"target\":{\"@type\":\"EntryPoint\",\"urlTemplate\":\"https:\/\/letsgetlostjanvrin.com\/?s={search_term_string}\"},\"query-input\":\"required name=search_term_string\"}],\"inLanguage\":\"en-US\"}]}<\/script>\n<!-- \/ Yoast SEO plugin. -->","yoast_head_json":{"title":"Let's. Get. Lost. - Let&#039;s. Get. Lost.","robots":{"index":"noindex","follow":"follow","max-snippet":"max-snippet:-1","max-image-preview":"max-image-preview:large","max-video-preview":"max-video-preview:-1"},"og_locale":"en_US","og_type":"article","og_title":"Let's. Get. Lost. - Let&#039;s. Get. Lost.","og_description":"Your content goes here. Edit or remove this text inline or in the module Content settings. You can also style every aspect of this content in the module Design settings and even apply custom CSS to this text in the module Advanced settings.","og_url":"https:\/\/letsgetlostjanvrin.com\/","og_site_name":"Let&#039;s. Get. Lost.","article_modified_time":"2021-03-09T14:19:45+00:00","twitter_card":"summary_large_image","twitter_misc":{"Est. reading time":"1 minute"},"schema":{"@context":"https:\/\/schema.org","@graph":[{"@type":"WebPage","@id":"https:\/\/letsgetlostjanvrin.com\/","url":"https:\/\/letsgetlostjanvrin.com\/","name":"Let's. Get. Lost. - Let&#039;s. Get. Lost.","isPartOf":{"@id":"https:\/\/letsgetlostjanvrin.com\/#website"},"datePublished":"2020-11-09T15:21:46+00:00","dateModified":"2021-03-09T14:19:45+00:00","breadcrumb":{"@id":"https:\/\/letsgetlostjanvrin.com\/#breadcrumb"},"inLanguage":"en-US","potentialAction":[{"@type":"ReadAction","target":["https:\/\/letsgetlostjanvrin.com\/"]}]},{"@type":"BreadcrumbList","@id":"https:\/\/letsgetlostjanvrin.com\/#breadcrumb","itemListElement":[{"@type":"ListItem","position":1,"name":"Home","item":"https:\/\/letsgetlostjanvrin.com\/"},{"@type":"ListItem","position":2,"name":"Let&#8217;s. Get. Lost."}]},{"@type":"WebSite","@id":"https:\/\/letsgetlostjanvrin.com\/#website","url":"https:\/\/letsgetlostjanvrin.com\/","name":"Let&#039;s. Get. Lost.","description":"Janvrin&#039;s Island","potentialAction":[{"@type":"SearchAction","target":{"@type":"EntryPoint","urlTemplate":"https:\/\/letsgetlostjanvrin.com\/?s={search_term_string}"},"query-input":"required name=search_term_string"}],"inLanguage":"en-US"}]}},"_links":{"self":[{"href":"https:\/\/letsgetlostjanvrin.com\/index.php\/wp-json\/wp\/v2\/pages\/7"}],"collection":[{"href":"https:\/\/letsgetlostjanvrin.com\/index.php\/wp-json\/wp\/v2\/pages"}],"about":[{"href":"https:\/\/letsgetlostjanvrin.com\/index.php\/wp-json\/wp\/v2\/types\/page"}],"author":[{"embeddable":true,"href":"https:\/\/letsgetlostjanvrin.com\/index.php\/wp-json\/wp\/v2\/users\/1"}],"replies":[{"embeddable":true,"href":"https:\/\/letsgetlostjanvrin.com\/index.php\/wp-json\/wp\/v2\/comments?post=7"}],"version-history":[{"count":38,"href":"https:\/\/letsgetlostjanvrin.com\/index.php\/wp-json\/wp\/v2\/pages\/7\/revisions"}],"predecessor-version":[{"id":162,"href":"https:\/\/letsgetlostjanvrin.com\/index.php\/wp-json\/wp\/v2\/pages\/7\/revisions\/162"}],"wp:attachment":[{"href":"https:\/\/letsgetlostjanvrin.com\/index.php\/wp-json\/wp\/v2\/media?parent=7"}],"curies":[{"name":"wp","href":"https:\/\/api.w.org\/{rel}","templated":true}]}}